{"id":141,"date":"2025-08-26T15:11:19","date_gmt":"2025-08-26T15:11:19","guid":{"rendered":"https:\/\/reflexologiebycelinetroffigue.com\/?page_id=141"},"modified":"2025-08-29T13:31:15","modified_gmt":"2025-08-29T13:31:15","slug":"qui-suis-je","status":"publish","type":"page","link":"https:\/\/reflexologiebycelinetroffigue.com\/index.php\/qui-suis-je\/","title":{"rendered":"QUI SUIS-JE ?"},"content":{"rendered":"\n<p><strong><em>Solaire et enjou\u00e9e, je suis tourn\u00e9e vers les autres et \u00e0 leur \u00e9coute, j&rsquo;aime entrer en relation avec l&rsquo;autre de mani\u00e8re g\u00e9n\u00e9rale mais \u00e9galement dans le but de lui venir en aide.<\/em><\/strong><\/p>\n\n\n\n<p><strong><em>Infirmi\u00e8re de formation, j&rsquo;ai toujours \u00e9t\u00e9 passionn\u00e9e par la sant\u00e9, je soigne avec une approche de la maladie et avec le temps et l&rsquo;exp\u00e9rience, j&rsquo;ai recherch\u00e9 une approche plus globale de la personne alors naturellement, je me suis int\u00e9ress\u00e9e aux m\u00e9decines douces et notamment \u00e0 la r\u00e9flexologie plantaire.<\/em><\/strong><\/p>\n\n\n\n<p><\/p>\n","protected":false},"excerpt":{"rendered":"<p>Solaire et enjou\u00e9e, je suis tourn\u00e9e vers les autres et \u00e0 leur \u00e9coute, j&rsquo;aime entrer en relation avec l&rsquo;autre de mani\u00e8re g\u00e9n\u00e9rale mais \u00e9galement dans le but de lui venir en aide. Infirmi\u00e8re de formation, j&rsquo;ai toujours \u00e9t\u00e9 passionn\u00e9e par la sant\u00e9, je soigne avec une approche de la maladie et avec le temps et [&hellip;]<\/p>\n","protected":false},"author":1,"featured_media":0,"parent":0,"menu_order":0,"comment_status":"closed","ping_status":"closed","template":"","meta":{"footnotes":""},"class_list":["post-141","page","type-page","status-publish","hentry"],"_links":{"self":[{"href":"https:\/\/reflexologiebycelinetroffigue.com\/index.php\/wp-json\/wp\/v2\/pages\/141","targetHints":{"allow":["GET"]}}],"collection":[{"href":"https:\/\/reflexologiebycelinetroffigue.com\/index.php\/wp-json\/wp\/v2\/pages"}],"about":[{"href":"https:\/\/reflexologiebycelinetroffigue.com\/index.php\/wp-json\/wp\/v2\/types\/page"}],"author":[{"embeddable":true,"href":"https:\/\/reflexologiebycelinetroffigue.com\/index.php\/wp-json\/wp\/v2\/users\/1"}],"replies":[{"embeddable":true,"href":"https:\/\/reflexologiebycelinetroffigue.com\/index.php\/wp-json\/wp\/v2\/comments?post=141"}],"version-history":[{"count":2,"href":"https:\/\/reflexologiebycelinetroffigue.com\/index.php\/wp-json\/wp\/v2\/pages\/141\/revisions"}],"predecessor-version":[{"id":185,"href":"https:\/\/reflexologiebycelinetroffigue.com\/index.php\/wp-json\/wp\/v2\/pages\/141\/revisions\/185"}],"wp:attachment":[{"href":"https:\/\/reflexologiebycelinetroffigue.com\/index.php\/wp-json\/wp\/v2\/media?parent=141"}],"curies":[{"name":"wp","href":"https:\/\/api.w.org\/{rel}","templated":true}]}}